{"id":191,"date":"2025-10-24T18:03:28","date_gmt":"2025-10-24T16:03:28","guid":{"rendered":"https:\/\/ericberidon.com\/?page_id=191"},"modified":"2025-12-28T15:47:48","modified_gmt":"2025-12-28T14:47:48","slug":"contact","status":"publish","type":"page","link":"https:\/\/ericberidon.com\/index.php\/contact\/","title":{"rendered":"Contact"},"content":{"rendered":"\n<div class=\"wp-block-group is-layout-constrained wp-container-core-group-is-layout-1cfdb9ee wp-block-group-is-layout-constrained\" style=\"font-size:16px\">\n<div style=\"height:144px\" aria-hidden=\"true\" class=\"wp-block-spacer\"><\/div>\n\n\n\n<p>Pour contacter \u00c9ric B\u00e9ridon, merci d&rsquo;envoyer un email \u00e0 :<\/p>\n\n\n\n<p>To contact \u00c9ric B\u00e9ridon, thanks to send an email to :<\/p>\n\n\n\n<p>                <strong>ericberidon@protonmail.com<\/strong><\/p>\n<\/div>\n\n\n\n<div style=\"height:201px\" aria-hidden=\"true\" class=\"wp-block-spacer\"><\/div>\n","protected":false},"excerpt":{"rendered":"<p>Pour contacter \u00c9ric B\u00e9ridon, merci d&rsquo;envoyer un email \u00e0 : To contact \u00c9ric B\u00e9ridon, thanks to send an email to : ericberidon@protonmail.com<\/p>\n","protected":false},"author":1,"featured_media":0,"parent":0,"menu_order":0,"comment_status":"closed","ping_status":"closed","template":"template-plain","meta":{"postBodyCss":"","postBodyMargin":[],"postBodyPadding":[],"postBodyBackground":{"backgroundType":"classic","gradient":""},"_themeisle_gutenberg_block_has_review":false,"footnotes":""},"class_list":["post-191","page","type-page","status-publish","hentry"],"_links":{"self":[{"href":"https:\/\/ericberidon.com\/index.php\/wp-json\/wp\/v2\/pages\/191","targetHints":{"allow":["GET"]}}],"collection":[{"href":"https:\/\/ericberidon.com\/index.php\/wp-json\/wp\/v2\/pages"}],"about":[{"href":"https:\/\/ericberidon.com\/index.php\/wp-json\/wp\/v2\/types\/page"}],"author":[{"embeddable":true,"href":"https:\/\/ericberidon.com\/index.php\/wp-json\/wp\/v2\/users\/1"}],"replies":[{"embeddable":true,"href":"https:\/\/ericberidon.com\/index.php\/wp-json\/wp\/v2\/comments?post=191"}],"version-history":[{"count":10,"href":"https:\/\/ericberidon.com\/index.php\/wp-json\/wp\/v2\/pages\/191\/revisions"}],"predecessor-version":[{"id":1342,"href":"https:\/\/ericberidon.com\/index.php\/wp-json\/wp\/v2\/pages\/191\/revisions\/1342"}],"wp:attachment":[{"href":"https:\/\/ericberidon.com\/index.php\/wp-json\/wp\/v2\/media?parent=191"}],"curies":[{"name":"wp","href":"https:\/\/api.w.org\/{rel}","templated":true}]}}