{"id":1707,"date":"2026-02-02T17:24:43","date_gmt":"2026-02-02T16:24:43","guid":{"rendered":"https:\/\/ericberidon.com\/?page_id=1707"},"modified":"2026-02-02T18:26:24","modified_gmt":"2026-02-02T17:26:24","slug":"1707-2","status":"publish","type":"page","link":"https:\/\/ericberidon.com\/index.php\/1707-2\/","title":{"rendered":"Publications"},"content":{"rendered":"\n<div style=\"height:110px\" aria-hidden=\"true\" class=\"wp-block-spacer\"><\/div>\n\n\n\n<div class=\"wp-block-gutena-tabs gutena-tabs-block gutena-tabs-block-4a100f-f5 apropos\"><ul class=\"gutena-tabs-tab tab-center\"><li class=\"gutena-tab-title active\" data-tab=\"1\"><div class=\"gutena-tab-title-content icon-top\"><div class=\"gutena-tab-title-text\"><div>Editions<\/div><\/div><\/div><\/li><li class=\"gutena-tab-title inactive\" data-tab=\"2\"><div class=\"gutena-tab-title-content icon-top\"><div class=\"gutena-tab-title-text\"><div>Publications<\/div><\/div><\/div><\/li><\/ul><div class=\"gutena-tabs-content is-layout-flow wp-block-gutena-tabs-is-layout-flow\">\n<div class=\"wp-block-gutena-tab gutena-tab-block gutena-tab-block-cd8326-3d active\" data-tab=\"1\">\n<div class=\"wp-block-group is-layout-constrained wp-block-group-is-layout-constrained\" style=\"padding-top:0;padding-bottom:0\">\n<div style=\"height:118px\" aria-hidden=\"true\" class=\"wp-block-spacer\"><\/div>\n\n\n\n<figure class=\"wp-block-image aligncenter size-large is-resized has-custom-border\"><img loading=\"lazy\" decoding=\"async\" width=\"719\" height=\"1024\" src=\"https:\/\/ericberidon.com\/wp-content\/uploads\/2026\/02\/Publication_De-La-Matiere-a-la-Lumiere_autoedition-719x1024.jpg\" alt=\"\" class=\"has-border-color has-cyan-bluish-gray-border-color wp-image-1711\" style=\"aspect-ratio:0.704325699745547;width:402px;height:auto\" srcset=\"https:\/\/ericberidon.com\/wp-content\/uploads\/2026\/02\/Publication_De-La-Matiere-a-la-Lumiere_autoedition-719x1024.jpg 719w, https:\/\/ericberidon.com\/wp-content\/uploads\/2026\/02\/Publication_De-La-Matiere-a-la-Lumiere_autoedition-211x300.jpg 211w, https:\/\/ericberidon.com\/wp-content\/uploads\/2026\/02\/Publication_De-La-Matiere-a-la-Lumiere_autoedition-768x1094.jpg 768w, https:\/\/ericberidon.com\/wp-content\/uploads\/2026\/02\/Publication_De-La-Matiere-a-la-Lumiere_autoedition.jpg 791w\" sizes=\"auto, (max-width: 719px) 100vw, 719px\" \/><\/figure>\n\n\n\n<p class=\"ticss-47ab22bb\" style=\"font-size:16px\"><strong>Eric B\u00e9ridon<\/strong> livre avec <strong>DE LA MATI\u00c8RE \u00c0 LA LUMI\u00c8RE<\/strong> son premier r\u00e9cit autobiographique. Dans cette \u0153uvre intime, il retrace le fil de son existence, de l\u2019enfance \u00e0 l\u2019\u00e2ge adulte, d\u00e9voilant la qu\u00eate de soi et l\u2019\u00e9veil d\u2019une \u00e9nergie vitale qui l\u2019a men\u00e9 \u00e0 la cr\u00e9ation. Au fil de ce parcours, <em>De Soi \u00e0 la Cr\u00e9ation ou de la Cr\u00e9ation de Soi<\/em>, la cr\u00e9ativit\u00e9 s\u2019impose comme un acte d\u2019autogen\u00e8se. L\u2019art et la vie s\u2019entrelacent, port\u00e9s par une aspiration \u00e0 la connaissance universelle, une recherche de l\u2019essence m\u00eame de la vie, au-del\u00e0 de la simple existence.<\/p>\n\n\n\n<p class=\"ticss-47ab22bb\" style=\"font-size:16px\"><em>Texte int\u00e9gral <\/em> \u2013 <em><strong>Auto\u00e9dition<\/strong> (disponible aupr\u00e8s de l&rsquo;artiste) &#8211; 2025 &#8211; ISBN\u00a0: 978-2-9567295-1-8<\/em><\/p>\n\n\n\n<p class=\"ticss-29602c38 has-normal-font-size\">&nbsp;<\/p>\n<\/div>\n<\/div>\n\n\n\n<div class=\"wp-block-gutena-tab gutena-tab-block gutena-tab-block-a7ac54-ee inactive\" data-tab=\"2\">\n<div class=\"wp-block-group is-layout-constrained wp-block-group-is-layout-constrained\" style=\"padding-top:0;padding-bottom:0\">\n<div style=\"height:118px\" aria-hidden=\"true\" class=\"wp-block-spacer\"><\/div>\n\n\n\n<figure class=\"wp-block-image aligncenter size-large is-resized has-custom-border\"><img loading=\"lazy\" decoding=\"async\" width=\"719\" height=\"1024\" src=\"https:\/\/ericberidon.com\/wp-content\/uploads\/2026\/02\/Publication_De-La-Matiere-a-la-Lumiere_autoedition-719x1024.jpg\" alt=\"\" class=\"has-border-color has-cyan-bluish-gray-border-color wp-image-1711\" style=\"aspect-ratio:0.704325699745547;width:422px;height:auto\" srcset=\"https:\/\/ericberidon.com\/wp-content\/uploads\/2026\/02\/Publication_De-La-Matiere-a-la-Lumiere_autoedition-719x1024.jpg 719w, https:\/\/ericberidon.com\/wp-content\/uploads\/2026\/02\/Publication_De-La-Matiere-a-la-Lumiere_autoedition-211x300.jpg 211w, https:\/\/ericberidon.com\/wp-content\/uploads\/2026\/02\/Publication_De-La-Matiere-a-la-Lumiere_autoedition-768x1094.jpg 768w, https:\/\/ericberidon.com\/wp-content\/uploads\/2026\/02\/Publication_De-La-Matiere-a-la-Lumiere_autoedition.jpg 791w\" sizes=\"auto, (max-width: 719px) 100vw, 719px\" \/><\/figure>\n\n\n\n<p class=\"ticss-47ab22bb\" style=\"font-size:16px\"><strong>Eric B\u00e9ridon<\/strong> Eric B\u00e9ridon presents his first autobiographical account, DE LA MATI\u00c8RE \u00c0 LA LUMI\u00c8RE (From Matter to Light). In this intimate work, he traces the thread of his existence, from childhood to adulthood, revealing his quest for self-discovery and the awakening of a vital energy that led him to creativity. Throughout this journey, from Self to Creation or from Creation to Self, creativity emerges as an act of autogenesis. Art and life intertwine, driven by a desire for universal knowledge, a search for the very essence of life, beyond mere existence.<\/p>\n\n\n\n<p class=\"ticss-47ab22bb\" style=\"font-size:16px\"><em>Full text in French \u2013 Self-published (available from the artist) &#8211; 2025<\/em> &#8211; <em>ISBN\u00a0: 978-2-9567295-1-8<\/em><\/p>\n\n\n\n<p class=\"ticss-29602c38 has-normal-font-size\">&nbsp;<\/p>\n<\/div>\n<\/div>\n<\/div><\/div>\n","protected":false},"excerpt":{"rendered":"","protected":false},"author":1,"featured_media":0,"parent":0,"menu_order":0,"comment_status":"closed","ping_status":"closed","template":"template-plain","meta":{"postBodyCss":"","postBodyMargin":[],"postBodyPadding":[],"postBodyBackground":{"backgroundType":"classic","gradient":""},"_themeisle_gutenberg_block_has_review":false,"footnotes":""},"class_list":["post-1707","page","type-page","status-publish","hentry"],"_links":{"self":[{"href":"https:\/\/ericberidon.com\/index.php\/wp-json\/wp\/v2\/pages\/1707","targetHints":{"allow":["GET"]}}],"collection":[{"href":"https:\/\/ericberidon.com\/index.php\/wp-json\/wp\/v2\/pages"}],"about":[{"href":"https:\/\/ericberidon.com\/index.php\/wp-json\/wp\/v2\/types\/page"}],"author":[{"embeddable":true,"href":"https:\/\/ericberidon.com\/index.php\/wp-json\/wp\/v2\/users\/1"}],"replies":[{"embeddable":true,"href":"https:\/\/ericberidon.com\/index.php\/wp-json\/wp\/v2\/comments?post=1707"}],"version-history":[{"count":15,"href":"https:\/\/ericberidon.com\/index.php\/wp-json\/wp\/v2\/pages\/1707\/revisions"}],"predecessor-version":[{"id":1755,"href":"https:\/\/ericberidon.com\/index.php\/wp-json\/wp\/v2\/pages\/1707\/revisions\/1755"}],"wp:attachment":[{"href":"https:\/\/ericberidon.com\/index.php\/wp-json\/wp\/v2\/media?parent=1707"}],"curies":[{"name":"wp","href":"https:\/\/api.w.org\/{rel}","templated":true}]}}