{"id":1699,"date":"2026-02-02T17:14:30","date_gmt":"2026-02-02T16:14:30","guid":{"rendered":"https:\/\/ericberidon.com\/?page_id=1699"},"modified":"2026-02-02T17:58:05","modified_gmt":"2026-02-02T16:58:05","slug":"1699-2","status":"publish","type":"page","link":"https:\/\/ericberidon.com\/index.php\/1699-2\/","title":{"rendered":"Expos"},"content":{"rendered":"\n<div style=\"height:110px\" aria-hidden=\"true\" class=\"wp-block-spacer\"><\/div>\n\n\n\n<div class=\"wp-block-gutena-tabs gutena-tabs-block gutena-tabs-block-83029b-fc Top\"><ul class=\"gutena-tabs-tab tab-center\"><li class=\"gutena-tab-title active\" data-tab=\"1\"><div class=\"gutena-tab-title-content icon-top\"><div class=\"gutena-tab-title-text\"><div>Expositions<\/div><\/div><\/div><\/li><li class=\"gutena-tab-title inactive\" data-tab=\"2\"><div class=\"gutena-tab-title-content icon-top\"><div class=\"gutena-tab-title-text\"><div>Exhibitions<\/div><\/div><\/div><\/li><\/ul><div class=\"gutena-tabs-content is-layout-flow wp-block-gutena-tabs-is-layout-flow\">\n<div class=\"wp-block-gutena-tab gutena-tab-block gutena-tab-block-849a68-9a active\" data-tab=\"1\">\n<div class=\"wp-block-group is-layout-constrained wp-block-group-is-layout-constrained\" style=\"padding-top:0;padding-bottom:0\">\n<div style=\"height:20px\" aria-hidden=\"true\" class=\"wp-block-spacer\"><\/div>\n\n\n\n<figure class=\"wp-block-image size-full\"><img decoding=\"async\" src=\"https:\/\/ericberidon.com\/wp-content\/uploads\/2025\/10\/LNAF-BERIDON-LIGTH-3.jpg\" alt=\"\" class=\"wp-image-585\" style=\"aspect-ratio:16\/9;object-fit:cover\"\/><\/figure>\n\n\n\n<p class=\"has-text-align-center ticss-d15af60c\">Exposition Eric B\u00e9ridon &#8211; <em>De la mati\u00e8re \u00e0 la lumi\u00e8re &#8211; &nbsp;La Napoule Art Foundation<\/em> &#8211; 2025 | <em>Cr\u00e9dits \u00a9 Laurent Barnavon &nbsp;<\/em><\/p>\n\n\n\n<h2 class=\"wp-block-heading\">Expositions<span id=\"bppb-heading-anchor-1\"><\/span><\/h2>\n\n\n\n<p class=\"has-small-font-size\"><strong>2025<\/strong><br><strong>La Napoule Art Foundation<\/strong> [\u00abDe la mati\u00e8re \u00e0 la lumi\u00e8re\u00bb, Exposition personnelle], Mandelieu-La-Napoule<br><br><strong>2020<\/strong><br><strong>Fondation Fernet-Branca<\/strong> [\u00abPop-up Artistes\u00bb], Saint-Louis<br><br><strong>2012-2013<\/strong><br><strong>Courtauld Institute of Art<\/strong> [\u00abMat\u00e9riel matters\u00bb du 10\u00e8me comit\u00e9 East Wing], Londres<br><br><strong>2011<\/strong><br><strong>India Art Summit<\/strong> avec la Galerie Bowman, New Delhi <br><strong>Galerie Robert Bowman<\/strong>,Saint Jame\u2019s, London<br><br><strong>2010<\/strong><br><strong>San Francisco Fall Antiques Show<\/strong> avec la Galerie Bowman, San Francisco<br><strong>San Francisco 20th Century Modernism Show and Sale<\/strong> avec la Galerie Bowman, San Francisco<br><strong>Galerie Robert Bowman<\/strong>, Saint Jame\u2019s, London<br><br><strong>2009<br>Galerie Robert Bowman<\/strong>, Saint Jame\u2019s, London<br><br><strong>2008<\/strong><br><strong>Invit\u00e9 d&rsquo;honneur Des Rencontres des Toiles<\/strong>, M\u00e9nerbes (Luberon), sous la pr\u00e9sidence de J\u00e9r\u00f4me de Sta\u00ebl<br><br><strong>2007<\/strong><br><strong>Lineart <\/strong>avec la Galerie Nicolet, Gant<br><strong>St\u2019Art<\/strong> avec la Galerie Nicolet, Strasbourg<br><strong>Galerie Robert Bowman<\/strong>, Saint Jame\u2019s, London<br><strong>Galerie Nicolet<\/strong> [Exposition personnelle]Coustellet (Luberon)<br><br><strong>2006<\/strong><br><strong>Galerie Robert Bowman<\/strong>, Saint Jame\u2019s, London<br><strong>23\u00e8me RDV des Jeunes Plasticiens<\/strong> avec Elstir [Exposition des Laur\u00e9ats 1986-2006], La Garde<br><br><strong>2004<\/strong><br><strong>Galerie Ortus<\/strong> [Exposition personnelle], Bonnieux<br><strong>Galerie des Bains Douches<\/strong>, Antibes<br><br><strong>2003<\/strong><br><strong>ARTeNIM<\/strong> avec la Galerie Ortus, N\u00eemes<br><strong>Ch\u00e2teau de Gordes-Salle des Editions<\/strong> [Exposition personnelle], Gordes<br><strong>Galerie Crav\u00e9ro Le Camus<\/strong> avec Elstir [\u00ab L\u2019art dans l\u2019air(e) \u00bb], Le Pradet<br><strong>\u00ab Regards sur le corps, regards sur l\u2019espace \u00bb<\/strong> sous le patronage du Rectorat de l\u2019Acad\u00e9mie de Nice, Coll\u00e8ge de Valbonne Sophia-Antipolis<br><strong>Salle Saint Esprit<\/strong> [Exposition personnelle], Valbonne-Sophia-Antipolis<br><br><strong>2001<\/strong><br><strong>Centre d\u2019art S\u00e9bastien<\/strong> avec Elstir [Laur\u00e9ats et nomin\u00e9s du 18e RDV des Jeunes Plasticiens &#8211; R\u00e9compens\u00e9 par le prix <em>Art Dialogue \u2013 Paris<\/em>], Saint-Cyr-sur-Mer<br><strong>Galerie des Ponchettes<\/strong> [XIIe biennale m\u00e9diterran\u00e9enne: jeune peinture, gravure, sculpture et photo], Nice<br><br><strong>2000<\/strong><br><strong>\u00ab L\u2019Et\u00e9 Contemporain Drac\u00e9nois \u00bb<\/strong>, les jardins du Conseil G\u00e9n\u00e9ral de Draguignan<br><strong>\u00ab Sculptures sous le soleil d\u2019Antibes \u00bb<\/strong> avec la DRAC [Exposition de la Direction R\u00e9gionale des Affaires Culturelles], Sur le port d&rsquo;Antibes et \u00e9tablissements scolaires de la C\u00f4te d\u2019Azur &nbsp;<br><br><strong>1999<\/strong><br><strong>Art Jonction<\/strong> avec Atelier 49, Nice<br><br><strong>1995<\/strong><br><strong>Villa Fragonard<\/strong> [Exposition personnelle], Grasse<br><br><strong>1994<\/strong><br><strong>Salon Victor Chocquet-Minist\u00e8re des Finances<\/strong>, Paris<br><br><strong>1993<\/strong><br><strong>Salon Victor Chocquet-Minist\u00e8re des Finances<\/strong>, Paris<br><strong>Salon d\u2019automne de la Loire<\/strong> [R\u00e9compens\u00e9 par le 1er prix des jeunes peintres], Blois<br><br><strong>1991<\/strong><br><strong>Ch\u00e2teau d\u2019If<\/strong> avec la DRAC[Exposition de la Direction R\u00e9gionale des Affaires Culturelles], Marseille<\/p>\n\n\n\n<div style=\"height:70px\" aria-hidden=\"true\" class=\"wp-block-spacer\"><\/div>\n\n\n\n<figure class=\"wp-block-image size-large\"><img loading=\"lazy\" decoding=\"async\" width=\"1024\" height=\"278\" src=\"https:\/\/ericberidon.com\/wp-content\/uploads\/2025\/03\/fondelementdyn6-1024x278.jpg\" alt=\"\" class=\"wp-image-15\" srcset=\"https:\/\/ericberidon.com\/wp-content\/uploads\/2025\/03\/fondelementdyn6-1024x278.jpg 1024w, https:\/\/ericberidon.com\/wp-content\/uploads\/2025\/03\/fondelementdyn6-300x81.jpg 300w, https:\/\/ericberidon.com\/wp-content\/uploads\/2025\/03\/fondelementdyn6-768x208.jpg 768w, https:\/\/ericberidon.com\/wp-content\/uploads\/2025\/03\/fondelementdyn6-1536x417.jpg 1536w, https:\/\/ericberidon.com\/wp-content\/uploads\/2025\/03\/fondelementdyn6-2048x556.jpg 2048w\" sizes=\"auto, (max-width: 1024px) 100vw, 1024px\" \/><\/figure>\n\n\n\n<p class=\"has-text-align-center ticss-d15af60c\">Exposition \u00abPop-up Artistes\u00bb&nbsp;&#8211; Fondation Fernet-Branca, Saint-Louis &#8211; 2020<em> &nbsp;<\/em><\/p>\n<\/div>\n\n\n\n<div style=\"height:101px\" aria-hidden=\"true\" class=\"wp-block-spacer\"><\/div>\n\n\n\n<div class=\"wp-block-columns is-layout-flex wp-container-core-columns-is-layout-28f84493 wp-block-columns-is-layout-flex\">\n<div class=\"wp-block-column is-layout-flow wp-block-column-is-layout-flow\">\n<figure class=\"wp-block-image alignright size-full is-resized\"><a href=\"#Top\"><img loading=\"lazy\" decoding=\"async\" width=\"96\" height=\"96\" src=\"https:\/\/ericberidon.com\/wp-content\/uploads\/2025\/11\/icons8-fleche-haut-96.png\" alt=\"\" class=\"wp-image-671\" style=\"width:55px;height:auto\"\/><\/a><\/figure>\n<\/div>\n<\/div>\n<\/div>\n\n\n\n<div class=\"wp-block-gutena-tab gutena-tab-block gutena-tab-block-ca0e66-87 inactive\" data-tab=\"2\">\n<div class=\"wp-block-group is-layout-constrained wp-block-group-is-layout-constrained\" style=\"padding-top:0;padding-bottom:0\">\n<div style=\"height:42px\" aria-hidden=\"true\" class=\"wp-block-spacer\"><\/div>\n\n\n\n<figure class=\"wp-block-image size-full\" id=\"Top1\"><img decoding=\"async\" src=\"https:\/\/ericberidon.com\/wp-content\/uploads\/2025\/10\/LNAF-BERIDON-LIGTH-3.jpg\" alt=\"\" class=\"wp-image-585\" style=\"aspect-ratio:16\/9;object-fit:cover\"\/><\/figure>\n\n\n\n<p class=\"has-text-align-center ticss-d15af60c\">Exhibition Eric B\u00e9ridon &#8211; <em>De la mati\u00e8re \u00e0 la lumi\u00e8re &#8211; &nbsp;La Napoule Art Foundation<\/em> &#8211; 2025 | <em>Credits \u00a9 Laurent Barnavon &nbsp;<\/em><\/p>\n\n\n\n<h2 class=\"wp-block-heading\">Exhibitions<span id=\"bppb-heading-anchor-1\"><\/span><\/h2>\n\n\n\n<div class=\"wp-block-group is-layout-constrained wp-block-group-is-layout-constrained\">\n<div class=\"wp-block-group has-small-font-size is-layout-constrained wp-block-group-is-layout-constrained\">\n<p><strong>2025<\/strong><br><strong>La Napoule Art Foundation<\/strong> [\u00abDe la mati\u00e8re \u00e0 la lumi\u00e8re\u00bb, Personal Exhibition], Mandelieu-La-Napoule<\/p>\n\n\n\n<p><strong>2020<\/strong><br><strong>Fondation Fernet-Branca<\/strong> [\u00abPop-up Artistes\u00bb], Saint-Louis<\/p>\n\n\n\n<p><strong>2012-2013<\/strong><br><strong>Courtauld Institute of Art<\/strong> [\u00abMateriel matters\u00bb of the 10th East Wing committee], London<\/p>\n\n\n\n<p><strong>2011<\/strong><br><strong>India Art Summit<\/strong> with Bowman gallery, New Delhi <br><strong>Gallery Robert Bowman<\/strong> [Personal Exhibition],Saint Jame\u2019s, London<\/p>\n\n\n\n<p><strong>2010<\/strong><br><strong>San Francisco Fall Antiques Show<\/strong> with Bowman gallery, San Francisco<br><strong>San Francisco 20th Century Modernism Show and Sale<\/strong> with Bowman gallery, San Francisco<br><strong>Gallery Robert Bowman<\/strong>, Saint Jame\u2019s, London<\/p>\n\n\n\n<p><strong>2009<br>Gallery Robert Bowman<\/strong>, Saint Jame\u2019s, London<\/p>\n\n\n\n<p><strong>2008<\/strong><br><strong>Guest of honor at<\/strong> <strong>the<\/strong> <strong>Rencontres des Toiles<\/strong>, M\u00e9nerbes (Luberon), under the chairmanship of J\u00e9r\u00f4me de Sta\u00ebl<\/p>\n\n\n\n<p><strong>2007<\/strong><br><strong>Lineart <\/strong>with the gallery Nicolet, Gant<br><strong>St\u2019Art<\/strong> with the gallery Nicolet, Strasbourg<br><strong>Galerie Robert Bowman<\/strong>, Saint Jame\u2019s, London<br><strong>Galerie Nicolet<\/strong> [Personal Exhibition], Coustellet (Luberon)<\/p>\n\n\n\n<p><strong>2006<\/strong><br><strong>Gallery Robert Bowman<\/strong>, Saint Jame\u2019s, London<br><strong>23rd RDV of Young Plasticians <\/strong>with Elstir [Exhibition of the Laureates 1986-2006], La Garde<\/p>\n\n\n\n<p><strong>2004<\/strong><br><strong>Galerie Ortus<\/strong> [Personal Exhibition], Bonnieux<br><strong>Galerie des Bains Douches<\/strong>, Antibes<\/p>\n\n\n\n<p><strong>2003<\/strong><br><strong>ARTeNIM<\/strong> with Galerie Ortus, N\u00eemes<br><strong>Ch\u00e2teau de Gordes-Salle des Editions<\/strong> [Personal Exhibition], Gordes<br><strong>Galerie Crav\u00e9ro Le Camus<\/strong> with Elstir [\u00ab L\u2019art dans l\u2019air(e) \u00bb], Le Pradet<br><strong>\u00ab Regards sur le corps, regards sur l\u2019espace \u00bb<\/strong> exhibition with Rectorat de l\u2019Acad\u00e9mie from Nice, Coll\u00e8ge de Valbonne Sophia-Antipolis<br><strong>Salle Saint Esprit<\/strong> [Personal Exhibition], Valbonne-Sophia-Antipolis<\/p>\n\n\n\n<p><strong>2001<\/strong><br><strong>Centre d\u2019art S\u00e9bastien<\/strong> with Elstir [Exhibition of the laureates &amp; nominated of the 18th RDV of Young Plasticians &#8211; Awarded with prize <em>Art Dialogue \u2013 Paris<\/em>], Saint-Cyr-sur-Mer<br><strong>Galerie des Ponchettes<\/strong> [12th mediterraneen biennal of young painting, engraving, sculpture and photgraphy], Nice<\/p>\n\n\n\n<p><strong>2000<\/strong><br><strong>\u00ab L\u2019Et\u00e9 Contemporain Drac\u00e9nois \u00bb<\/strong>,Exhibition in the gardens of the Conseil G\u00e9n\u00e9ral, Draguignan<br><strong>\u00ab Sculptures sous le soleil d\u2019Antibes \u00bb<\/strong> with the DRAC [Exhibition of the Regional Directorate of Cultural Affairs], On the port of Antibes &amp; in schools of the C\u00f4te d\u2019Azur<\/p>\n\n\n\n<p><strong>1999<\/strong><br><strong>Art Jonction<\/strong> with Atelier 49, Nice<\/p>\n\n\n\n<p><strong>1995<\/strong><br><strong>Villa Fragonard<\/strong> [Personal Exhibition], Grasse<\/p>\n\n\n\n<p><strong>1994<\/strong><br><strong>Salon Victor Chocquet-Finance ministery<\/strong>, Paris<\/p>\n\n\n\n<p><strong>1993<\/strong><br><strong>Salon Victor Chocquet-Finance ministery<\/strong>, Paris<br><strong>Salon d\u2019automne de la Loire<\/strong> [Awarded with 1st prize of young painters], Blois<\/p>\n\n\n\n<p><strong>1991<\/strong><br><strong>Ch\u00e2teau d\u2019If<\/strong> with the DRAC [Exhibition of the Regional Directorate of Cultural Affairs], Marseille<\/p>\n<\/div>\n\n\n\n<div style=\"height:87px\" aria-hidden=\"true\" class=\"wp-block-spacer\"><\/div>\n<\/div>\n\n\n\n<figure class=\"wp-block-image size-large\"><img loading=\"lazy\" decoding=\"async\" width=\"1024\" height=\"278\" src=\"https:\/\/ericberidon.com\/wp-content\/uploads\/2025\/03\/fondelementdyn6-1024x278.jpg\" alt=\"\" class=\"wp-image-15\" srcset=\"https:\/\/ericberidon.com\/wp-content\/uploads\/2025\/03\/fondelementdyn6-1024x278.jpg 1024w, https:\/\/ericberidon.com\/wp-content\/uploads\/2025\/03\/fondelementdyn6-300x81.jpg 300w, https:\/\/ericberidon.com\/wp-content\/uploads\/2025\/03\/fondelementdyn6-768x208.jpg 768w, https:\/\/ericberidon.com\/wp-content\/uploads\/2025\/03\/fondelementdyn6-1536x417.jpg 1536w, https:\/\/ericberidon.com\/wp-content\/uploads\/2025\/03\/fondelementdyn6-2048x556.jpg 2048w\" sizes=\"auto, (max-width: 1024px) 100vw, 1024px\" \/><\/figure>\n\n\n\n<p class=\"has-text-align-center ticss-d15af60c\">Exhibition \u00abPop-up Artistes\u00bb&nbsp;&#8211; Fondation Fernet-Branca, Saint-Louis &#8211; 2020<em> &nbsp;<\/em><\/p>\n<\/div>\n\n\n\n<div style=\"height:97px\" aria-hidden=\"true\" class=\"wp-block-spacer\"><\/div>\n\n\n\n<div class=\"wp-block-columns is-layout-flex wp-container-core-columns-is-layout-28f84493 wp-block-columns-is-layout-flex\">\n<div class=\"wp-block-column is-layout-flow wp-block-column-is-layout-flow\">\n<figure class=\"wp-block-image alignright size-full is-resized\"><a href=\"#Top\"><img loading=\"lazy\" decoding=\"async\" width=\"96\" height=\"96\" src=\"https:\/\/ericberidon.com\/wp-content\/uploads\/2025\/11\/icons8-fleche-haut-96.png\" alt=\"\" class=\"wp-image-671\" style=\"width:55px;height:auto\"\/><\/a><\/figure>\n<\/div>\n<\/div>\n<\/div>\n<\/div><\/div>\n","protected":false},"excerpt":{"rendered":"","protected":false},"author":1,"featured_media":0,"parent":0,"menu_order":0,"comment_status":"closed","ping_status":"closed","template":"template-plain","meta":{"postBodyCss":"","postBodyMargin":[],"postBodyPadding":[],"postBodyBackground":{"backgroundType":"classic","gradient":""},"_themeisle_gutenberg_block_has_review":false,"footnotes":""},"class_list":["post-1699","page","type-page","status-publish","hentry"],"_links":{"self":[{"href":"https:\/\/ericberidon.com\/index.php\/wp-json\/wp\/v2\/pages\/1699","targetHints":{"allow":["GET"]}}],"collection":[{"href":"https:\/\/ericberidon.com\/index.php\/wp-json\/wp\/v2\/pages"}],"about":[{"href":"https:\/\/ericberidon.com\/index.php\/wp-json\/wp\/v2\/types\/page"}],"author":[{"embeddable":true,"href":"https:\/\/ericberidon.com\/index.php\/wp-json\/wp\/v2\/users\/1"}],"replies":[{"embeddable":true,"href":"https:\/\/ericberidon.com\/index.php\/wp-json\/wp\/v2\/comments?post=1699"}],"version-history":[{"count":6,"href":"https:\/\/ericberidon.com\/index.php\/wp-json\/wp\/v2\/pages\/1699\/revisions"}],"predecessor-version":[{"id":1734,"href":"https:\/\/ericberidon.com\/index.php\/wp-json\/wp\/v2\/pages\/1699\/revisions\/1734"}],"wp:attachment":[{"href":"https:\/\/ericberidon.com\/index.php\/wp-json\/wp\/v2\/media?parent=1699"}],"curies":[{"name":"wp","href":"https:\/\/api.w.org\/{rel}","templated":true}]}}