{"id":167,"date":"2025-10-24T16:02:43","date_gmt":"2025-10-24T14:02:43","guid":{"rendered":"https:\/\/ericberidon.com\/?page_id=167"},"modified":"2025-12-28T15:30:34","modified_gmt":"2025-12-28T14:30:34","slug":"cgu","status":"publish","type":"page","link":"https:\/\/ericberidon.com\/index.php\/cgu\/","title":{"rendered":"CGU"},"content":{"rendered":"\n<div class=\"wp-block-group is-layout-constrained wp-block-group-is-layout-constrained\">\n<div style=\"height:196px\" aria-hidden=\"true\" id=\"hautCGU\" class=\"wp-block-spacer\"><\/div>\n\n\n\n<p class=\"has-medium-font-size\"><strong> <\/strong><\/p>\n\n\n\n<p class=\"has-medium-font-size\"><strong>Conditions G\u00e9n\u00e9rales d&rsquo;Utilisation (CGU)<\/strong><\/p>\n\n\n\n<p class=\"ticss-268aacc6\" style=\"font-size:16px\"><strong>Article 1 \u2013 Objet<br><\/strong>Les pr\u00e9sentes CGU ont pour objet de d\u00e9finir les modalit\u00e9s d\u2019acc\u00e8s et d\u2019utilisation du site ericberidon.com. Elles s\u2019appliquent \u00e0 toute personne naviguant sur le site (nomm\u00e9 visiteur ou utilisateur).<\/p>\n\n\n\n<p class=\"ticss-57af5f29\" style=\"font-size:16px\"><strong>Article 2 \u2013 Acc\u00e8s au site<\/strong><br>Le site est librement accessible \u00e0 toute personne disposant d\u2019une connexion internet. Aucune fonctionnalit\u00e9 ou service du site ne n\u00e9cessitent la cr\u00e9ation d\u2019un compte personnel.<br>Nous faisons de notre mieux pour assurer l\u2019accessibilit\u00e9 du site 24h\/24 et 7j\/7. Cependant, une interruption temporaire pour maintenance, mise \u00e0 jour ou bug est toujours possible. Nous nous r\u00e9servons le droit de suspendre le site \u00e0 tout moment sans pr\u00e9avis.<\/p>\n\n\n\n<p class=\"ticss-0ea28452\" style=\"font-size:16px\"><strong>Article 3 \u2013 Contacter l\u2019\u00e9diteur du site<\/strong><br>Pour contacter l\u2019\u00e9diteur du site, Eric B\u00e9ridon, l\u2019utilisateur du site doit adresser un mail (contact : ericberidon@protonmail.com) en utilisant son propre compte e-mail. Pour recevoir une r\u00e9ponse l\u2019utilisateur devra founir: une adresse e-mail valide et ses nom et pr\u00e9nom. L\u2019utilisateur s\u2019engage \u00e0 fournir des informations exactes. Nous nous r\u00e9servons le droit de refuser de r\u00e9pondre si nous d\u00e9tectons un abus, une fraude ou un comportement contraire \u00e0 l\u2019\u00e9thique du site.<\/p>\n\n\n\n<p class=\"ticss-96ac5a0a\" style=\"font-size:16px\"><strong>Article 4 \u2013 R\u00e8gles de bonne conduite<\/strong><br>En utilisant notre site, l\u2019utilisateur s\u2019engage \u00e0: ne pas publier de contenu insultant, discriminatoire, raciste, sexiste, ou illegal concernant ce site et toutes informations, oeuvres, personnes mentionn\u00e9es sur le site, ne pas tenter d\u2019acc\u00e9der \u00e0 des comptes tiers ou de contourner les syst\u00e8mes de s\u00e9curit\u00e9 et ne pas perturber le fonctionnement du site (robots, attaques, spam, etc.). Toute infraction \u00e0 ces r\u00e8gles pourra entra\u00eener des poursuites.<\/p>\n\n\n\n<p class=\"ticss-237e7d5a\" style=\"font-size:16px\"><strong>Article 5 \u2013 Propri\u00e9t\u00e9 intellectuelle<\/strong><br>L\u2019ensemble des contenus pr\u00e9sents sur le site, soit les textes, images, illustrations, animations, vid\u00e9os, photographies, documents, etc\u2026 ainsi que les \u00e9l\u00e9ments techniques qui le composent, sauf mention contraire, sont la propri\u00e9t\u00e9 exclusive de Eric B\u00e9ridon, seul habilit\u00e9 \u00e0 utiliser les droits de propri\u00e9t\u00e9 intellectuelle et droits de la personnalit\u00e9 y aff\u00e9rents, Toute reproduction, repr\u00e9sentation, modification, diffusion ou r\u00e9utilisation des contenus sans autorisation pr\u00e9alable est strictement interdite. Pour en savoir plus, consultez nos Mentions l\u00e9gales.<br><br><strong>Article 6 \u2013 Responsabilit\u00e9<\/strong><br>Nous mettons tout en \u0153uvre pour fournir des informations fiables et un service de qualit\u00e9. Toutefois, des erreurs, omissions ou bugs peuvent survenir. Nous ne pouvons \u00eatre tenus responsables de l\u2019inexactitude des contenus, de l\u2019impossibilit\u00e9 temporaire d\u2019acc\u00e8s au site, de pertes de donn\u00e9es dues \u00e0 un dysfonctionnement technique. L\u2019utilisateur est responsable de son \u00e9quipement informatique, de sa connexion internet et de l\u2019usage qu\u2019il fait du site.<\/p>\n\n\n\n<p class=\"ticss-e5f54e51\" style=\"font-size:16px\"><strong>Article 7 \u2013 Donn\u00e9es personnelles<\/strong><br>Les donn\u00e9es collect\u00e9es lors de l\u2019envoi d\u2019un e-mail (email, nom et pr\u00e9nom), comme expliqu\u00e9 dans l\u2019article 3, sont stock\u00e9es de fa\u00e7on s\u00e9curis\u00e9e et ne sont jamais vendues \u00e0 des tiers, ni transmises \u00e0 des tiers, sauf accord explicite de l\u2019utilisateur ou obligation l\u00e9gale. L\u2019utilisateur peut, \u00e0 tout moment demander la suppression ou la rectification de ses donn\u00e9es personnelles en envoyant un email \u00e0 l\u2019adresse suivante : ericberidon@protonmail.com.<br>Le site respecte les r\u00e8gles du RGPD. Pour en savoir plus, consultez nos Mentions l\u00e9gales.<\/p>\n\n\n\n<p class=\"ticss-eaf6a0e5\" style=\"font-size:16px\"><strong>Article 8 \u2013 Cookies<\/strong><br>Des cookies peuvent \u00eatre d\u00e9pos\u00e9s pour suivre l\u2019audience de mani\u00e8re anonyme. Pour en savoir plus, consultez nos Mentions l\u00e9gales.<\/p>\n\n\n\n<p style=\"font-size:16px\"><strong>Article 9 \u2013 Dur\u00e9e de validit\u00e9 des CGU<\/strong><br>Les pr\u00e9sentes CGU s\u2019appliquent tant que l\u2019utilisateur utilise le site.<\/p>\n\n\n\n<p class=\"ticss-9e9ebced\" style=\"font-size:16px\"><strong>Article 10 \u2013 Modifications des CGU<\/strong><br>Nous nous r\u00e9servons le droit de modifier les pr\u00e9sentes CGU \u00e0 tout moment, afin de les adapter \u00e0 l\u2019\u00e9volution du site, de la l\u00e9gislation ou de nos besoins. Toute modification importante fera l\u2019objet d\u2019une notification visible sur le site. L\u2019utilisation continue du site vaut acceptation des nouvelles conditions. Date de la derni\u00e8re mise \u00e0 jour : 20 Octobre 2025.<\/p>\n\n\n\n<p class=\"ticss-adbd4fd6\" style=\"font-size:16px\"><strong>Article 11 \u2013 Droit applicable et juridiction comp\u00e9tente<\/strong><br>Les pr\u00e9sentes CGU sont r\u00e9gies par le droit fran\u00e7ais. En cas de litige, une tentative de r\u00e9solution amiable sera privil\u00e9gi\u00e9e. \u00c0 d\u00e9faut, les tribunaux fran\u00e7ais seront seuls comp\u00e9tents.<\/p>\n\n\n\n<div style=\"height:26px\" aria-hidden=\"true\" class=\"wp-block-spacer\"><\/div>\n\n\n\n<div class=\"wp-block-columns is-layout-flex wp-container-core-columns-is-layout-28f84493 wp-block-columns-is-layout-flex\">\n<div class=\"wp-block-column is-layout-flow wp-block-column-is-layout-flow\">\n<figure class=\"wp-block-image alignright size-full is-resized\"><a href=\"#hautCGU\"><img loading=\"lazy\" decoding=\"async\" width=\"96\" height=\"96\" src=\"https:\/\/ericberidon.com\/wp-content\/uploads\/2025\/11\/icons8-fleche-haut-96.png\" alt=\"\" class=\"wp-image-671\" style=\"width:58px;height:auto\"\/><\/a><\/figure>\n<\/div>\n<\/div>\n<\/div>\n","protected":false},"excerpt":{"rendered":"<p>Conditions G\u00e9n\u00e9rales d&rsquo;Utilisation (CGU) Article 1 \u2013 ObjetLes pr\u00e9sentes CGU ont pour objet de d\u00e9finir les modalit\u00e9s d\u2019acc\u00e8s et d\u2019utilisation du site ericberidon.com. Elles s\u2019appliquent \u00e0 toute personne naviguant sur le site (nomm\u00e9 visiteur ou utilisateur). Article 2 \u2013 Acc\u00e8s au siteLe site est librement accessible \u00e0 toute personne disposant d\u2019une connexion internet. Aucune fonctionnalit\u00e9 [&hellip;]<\/p>\n","protected":false},"author":1,"featured_media":0,"parent":0,"menu_order":0,"comment_status":"closed","ping_status":"closed","template":"template-plain","meta":{"postBodyCss":"","postBodyMargin":[],"postBodyPadding":[],"postBodyBackground":{"backgroundType":"classic","gradient":""},"_themeisle_gutenberg_block_has_review":false,"footnotes":""},"class_list":["post-167","page","type-page","status-publish","hentry"],"_links":{"self":[{"href":"https:\/\/ericberidon.com\/index.php\/wp-json\/wp\/v2\/pages\/167","targetHints":{"allow":["GET"]}}],"collection":[{"href":"https:\/\/ericberidon.com\/index.php\/wp-json\/wp\/v2\/pages"}],"about":[{"href":"https:\/\/ericberidon.com\/index.php\/wp-json\/wp\/v2\/types\/page"}],"author":[{"embeddable":true,"href":"https:\/\/ericberidon.com\/index.php\/wp-json\/wp\/v2\/users\/1"}],"replies":[{"embeddable":true,"href":"https:\/\/ericberidon.com\/index.php\/wp-json\/wp\/v2\/comments?post=167"}],"version-history":[{"count":24,"href":"https:\/\/ericberidon.com\/index.php\/wp-json\/wp\/v2\/pages\/167\/revisions"}],"predecessor-version":[{"id":1328,"href":"https:\/\/ericberidon.com\/index.php\/wp-json\/wp\/v2\/pages\/167\/revisions\/1328"}],"wp:attachment":[{"href":"https:\/\/ericberidon.com\/index.php\/wp-json\/wp\/v2\/media?parent=167"}],"curies":[{"name":"wp","href":"https:\/\/api.w.org\/{rel}","templated":true}]}}