{"id":161,"date":"2025-10-24T15:35:17","date_gmt":"2025-10-24T13:35:17","guid":{"rendered":"https:\/\/ericberidon.com\/?page_id=161"},"modified":"2025-12-28T15:19:39","modified_gmt":"2025-12-28T14:19:39","slug":"mentions-legales","status":"publish","type":"page","link":"https:\/\/ericberidon.com\/index.php\/mentions-legales\/","title":{"rendered":"Mentions L\u00e9gales"},"content":{"rendered":"\n<div class=\"wp-block-group is-layout-constrained wp-block-group-is-layout-constrained\">\n<div style=\"height:196px\" aria-hidden=\"true\" id=\"hautMentions\" class=\"wp-block-spacer\"><\/div>\n\n\n\n<h2 class=\"wp-block-heading\">Mentions l\u00e9gales<\/h2>\n\n\n\n<p style=\"font-size:16px\"><strong>\u00c9diteur du site ericberidon.com:<\/strong><br>Eric B\u00e9ridon &#8211; ericberidon@protonmail.com<\/p>\n\n\n\n<p style=\"font-size:16px\"><strong>Design et d\u00e9veloppement du site :<\/strong><br>Isabelle Michel \u2013 contact : ericberidon@protonmail.com<\/p>\n\n\n\n<p style=\"font-size:16px\"><strong>H\u00e9bergement du site :<\/strong><br>OVH Cloud SAS<br>2, rue Kellermann, 59100 Roubaix, France<br>www.ovhcloud.com\/fr \/ +33 &#8211; 09 72 10 10 07<\/p>\n\n\n\n<p style=\"font-size:16px\"><strong>Droits d\u2019auteurs et copyright :<\/strong><br>\u00a9Eric B\u00e9ridon pour toutes les \u0153uvres pr\u00e9sent\u00e9es sur le site<br>Cr\u00e9dits photos : \u00a9Eric B\u00e9ridon pour toutes les photos publi\u00e9es sur le site, sauf mentions contraires <br>D\u00e9p\u00f4t l\u00e9gal &#8211; ISBN 978-2-9534504-1-5<\/p>\n\n\n\n<p class=\"ticss-bb7397a4\" style=\"font-size:16px\">Le site dans son ensemble, soit les textes, images, illustrations, animations, vid\u00e9os, photographies, documents, etc\u2026 ainsi que les \u00e9l\u00e9ments techniques qui le composent, sauf mention contraire, sont la propri\u00e9t\u00e9 exclusive de Eric B\u00e9ridon, seul habilit\u00e9 \u00e0 utiliser les droits de propri\u00e9t\u00e9 intellectuelle et droits de la personnalit\u00e9 y aff\u00e9rents, notamment marques, mod\u00e8les, droits d&rsquo;auteur et droit \u00e0 l&rsquo;image, \u00e0 titre originaire ou par l&rsquo;effet d&rsquo;une licence ou d&rsquo;une autorisation expresse.<br>En outre, toutes \u0153uvres pr\u00e9sent\u00e9es dans le site sont la propri\u00e9t\u00e9 de Eric B\u00e9ridon.<br>L\u2019ensemble de ces \u00e9l\u00e9ments constituent des \u0153uvres de l&rsquo;esprit prot\u00e9g\u00e9es par les articles L.111-1 et suivants du Code de la propri\u00e9t\u00e9 intellectuelle (l\u00e9gislation fran\u00e7aise sur le droit d\u2019auteur et de la propri\u00e9t\u00e9 intellectuelle).<br>L&rsquo;usage de tout ou partie du site, notamment par extraction, t\u00e9l\u00e9chargement, reproduction, transmission, \u00ab\u00a0reverse engineering\u00a0\u00bb, d\u00e9compilation, d\u00e9sassemblage, repr\u00e9sentation ou diffusion \u00e0 d&rsquo;autres fins que pour l&rsquo;usage personnel et priv\u00e9 dans un but non commercial de l&rsquo;internaute est strictement interdit. Toute exploitation non autoris\u00e9e du site ou de l\u2019un quelconque des \u00e9l\u00e9ments qu\u2019il contient pourra \u00eatre poursuivie conform\u00e9ment aux dispositions des articles L.335-2. La violation de ces dispositions soumet son auteur aux sanctions pr\u00e9vues tant par le Code de la propri\u00e9t\u00e9 intellectuelle au titre notamment de la contrefa\u00e7on de droits d&rsquo;auteur (articles L.335-3 et suivants), de droit des marques (articles L.716-9 et suivants) que par le Code civil en mati\u00e8re de responsabilit\u00e9 civile (article 9, articles 1382 et suivants).<\/p>\n\n\n\n<p class=\"ticss-74526f23\" style=\"font-size:16px\"><strong>Gestion des donn\u00e9es personnelles<\/strong><br>Nous attachons une grande importance \u00e0 la protection des donn\u00e9es personnelles:<br>Aucun service du site ne permet de stocker du contenu, en particulier des donn\u00e9es \u00e0 caract\u00e8re personnel: ainsi il est impossible de cr\u00e9er un compte utilisateur, ni de laisser des commentaires sur le site.<br>Cependant, les utilisateurs du site peuvent contacter l\u2019\u00e9diteur du site par mail (contact : ericberidon@protonmail.com) en utilisant leur propre compte e-mail et fournirront donc volontairement des informations \u00e0 caract\u00e8re personnel (adresse mail, pr\u00e9nom et nom) pour recevoir une r\u00e9ponse. Ces donn\u00e9es ne sont jamais transmises \u00e0 des tiers, sauf accord explicite de l\u2019utilisateur ou obligation l\u00e9gale. Conform\u00e9ment au R\u00e8glement G\u00e9n\u00e9ral sur la Protection des Donn\u00e9es (RGPD), chaque utilisateur dispose d\u2019un droit d\u2019acc\u00e8s, de rectification, d\u2019effacement et d\u2019opposition aux donn\u00e9es personnelles le concernant. Pour exercer ce droit, il suffit de nous contacter \u00e0 l\u2019adresse suivante : ericberidon@protonmail.com.<br>Les informations personnelles que nous traitons \u00e0 quelque fin que ce soit ne sont pas conserv\u00e9es plus longtemps que n\u00e9cessaire \u00e0 cette fin ou \u00e0 ces fins.<br>En cas de faille de s\u00e9curit\u00e9 d\u00e9cel\u00e9e par l&rsquo;\u00c9diteur, nous nous engageons \u00e0 mettre en oeuvre toutes les mesures techniques et organisationnelles appropri\u00e9es afin de garantir un niveau de s\u00e9curit\u00e9 adapt\u00e9 au regard des risques d\u2019acc\u00e8s accidentels, non autoris\u00e9s ou ill\u00e9gaux, de divulgation, d\u2019alt\u00e9ration, de perte ou encore de destruction des donn\u00e9es personnelles vous concernant, Dans l\u2019\u00e9ventualit\u00e9 o\u00f9 nous prendrions connaissance d\u2019un acc\u00e8s ill\u00e9gal aux donn\u00e9es personnelles vous concernant ayant pour cons\u00e9quence la r\u00e9alisation des risques identifi\u00e9s ci-dessus, nous nous engageons \u00e0 notifier l\u2019incident aux utilisateurs concern\u00e9s dans les plus brefs d\u00e9lais et examiner les causes de l\u2019incident et si elles sont connues, en informer les utilisateurs concern\u00e9s.<\/p>\n\n\n\n<p class=\"ticss-ac261f1c\" style=\"font-size:16px\"><strong>Limitation de responsabilit\u00e9<\/strong><br>Nous nous effor\u00e7ons de fournir sur le site des informations aussi pr\u00e9cises que possible. Toutefois, nous ne pourrons \u00eatre tenus responsables des omissions, des inexactitudes ou des carences dans la mise \u00e0 jour.<br>En cas de faille de s\u00e9curit\u00e9 et dans l\u2019\u00e9ventualit\u00e9 o\u00f9 nous prendrions connaissance d\u2019un acc\u00e8s ill\u00e9gal aux donn\u00e9es personnelles vous concernant, les engagements d\u00e9finis au paragraphe ci-dessus (Gestion des donn\u00e9es personnelles) relatifs \u00e0 la notification en cas de faille de s\u00e9curit\u00e9 ne peuvent \u00eatre assimil\u00e9s \u00e0 une quelconque reconnaissance de faute ou de responsabilit\u00e9 quant \u00e0 la survenance de l\u2019incident en question.<\/p>\n\n\n\n<p class=\"ticss-5f545da2\" style=\"font-size:16px\"><strong>Cookies<\/strong><br>Le site n\u2019utilise que des cookies permettant de suivre les statistiques de visite du site (collect\u00e9es par l\u2019outil de l\u2019h\u00e9bergeur du site: OVHcloud Web Statistics), et en particulier les donn\u00e9es suivantes qui sont volontairement anonymis\u00e9es afin de respecter ni de collecter les informations personnelles de chaque visiteur du site:<br>\u2022 Le navigateurs utilis\u00e9s par les visiteurs pour consulter le site [ principaux navigateurs connus, tels que : Mozilla Firefox, Safari, Chrome, IE+Edge, etc.]<br>\u2022 Les plateformes (syst\u00e8mes d&rsquo;exploitation) utilis\u00e9es par les visiteurs pour distinguer la proportion des visiteurs qui acc\u00e8dent au site \u00e0 partir d&rsquo;appareils mobiles, de tablettes, etc. autres qu&rsquo;un ordinateur.<br>\u2022 La g\u00e9olocalisation, pays d&rsquo;origine des visiteurs :<br>Le site n\u2019utilise aucun cookies pour am\u00e9liorer l\u2019exp\u00e9rience utilisateur ni aucun cookies li\u00e9s \u00e0 des op\u00e9rations de publicit\u00e9 personnalis\u00e9e ou non personnalis\u00e9e ou \u00e0 des fonctionnalit\u00e9s de partage sur les r\u00e9seaux sociaux, ce qui ne n\u00e9cessite pas d\u2019obtenir le consentement des utilisateurs du site selon la Commission nationale de l&rsquo;informatique et des libert\u00e9s (Cnil).<\/p>\n\n\n\n<p class=\"ticss-64ff99b2\" style=\"font-size:16px\"><strong>Liens hypertextes<\/strong><br>Le site peut contenir des liens vers d\u2019autres sites web. L\u2019\u00e9diteur du site ne peut en aucun cas \u00eatre tenu responsable du contenu de ces sites, ni des \u00e9ventuelles collectes de donn\u00e9es personnelles par ceux-ci.<\/p>\n\n\n\n<p class=\"ticss-e0010f21\" style=\"font-size:16px\"><strong>Droit applicable et juridiction comp\u00e9tente<\/strong><br>Les pr\u00e9sentes mentions l\u00e9gales sont r\u00e9gies par le droit fran\u00e7ais. En cas de litige, et apr\u00e8s tentative de r\u00e9solution amiable, comp\u00e9tence exclusive est attribu\u00e9e aux tribunaux fran\u00e7ais comp\u00e9tents.<\/p>\n\n\n\n<p style=\"font-size:16px\"><a href=\"#hautCGU\"> <\/a><a href=\"#hautCGU\"><\/a><\/p>\n\n\n\n<div class=\"wp-block-columns is-layout-flex wp-container-core-columns-is-layout-28f84493 wp-block-columns-is-layout-flex\">\n<div class=\"wp-block-column is-layout-flow wp-block-column-is-layout-flow\">\n<figure class=\"wp-block-image alignright size-full is-resized\"><a href=\"#hautMentions\"><img loading=\"lazy\" decoding=\"async\" width=\"96\" height=\"96\" src=\"https:\/\/ericberidon.com\/wp-content\/uploads\/2025\/11\/icons8-fleche-haut-96.png\" alt=\"\" class=\"wp-image-671\" style=\"width:56px;height:auto\"\/><\/a><\/figure>\n<\/div>\n<\/div>\n\n\n\n<p><a href=\"#hautCGU\"><\/a><a href=\"#hautCGU\"><\/a><a href=\"#hautCGU\"><\/a><a href=\"#hautCGU\"><\/a><\/p>\n<\/div>\n","protected":false},"excerpt":{"rendered":"<p>Mentions l\u00e9gales \u00c9diteur du site ericberidon.com:Eric B\u00e9ridon &#8211; ericberidon@protonmail.com Design et d\u00e9veloppement du site :Isabelle Michel \u2013 contact : ericberidon@protonmail.com H\u00e9bergement du site :OVH Cloud SAS2, rue Kellermann, 59100 Roubaix, Francewww.ovhcloud.com\/fr \/ +33 &#8211; 09 72 10 10 07 Droits d\u2019auteurs et copyright :\u00a9Eric B\u00e9ridon pour toutes les \u0153uvres pr\u00e9sent\u00e9es sur le siteCr\u00e9dits photos : [&hellip;]<\/p>\n","protected":false},"author":1,"featured_media":0,"parent":0,"menu_order":0,"comment_status":"closed","ping_status":"closed","template":"template-plain","meta":{"postBodyCss":"","postBodyMargin":[],"postBodyPadding":[],"postBodyBackground":{"backgroundType":"classic","gradient":""},"_themeisle_gutenberg_block_has_review":false,"footnotes":""},"class_list":["post-161","page","type-page","status-publish","hentry"],"_links":{"self":[{"href":"https:\/\/ericberidon.com\/index.php\/wp-json\/wp\/v2\/pages\/161","targetHints":{"allow":["GET"]}}],"collection":[{"href":"https:\/\/ericberidon.com\/index.php\/wp-json\/wp\/v2\/pages"}],"about":[{"href":"https:\/\/ericberidon.com\/index.php\/wp-json\/wp\/v2\/types\/page"}],"author":[{"embeddable":true,"href":"https:\/\/ericberidon.com\/index.php\/wp-json\/wp\/v2\/users\/1"}],"replies":[{"embeddable":true,"href":"https:\/\/ericberidon.com\/index.php\/wp-json\/wp\/v2\/comments?post=161"}],"version-history":[{"count":12,"href":"https:\/\/ericberidon.com\/index.php\/wp-json\/wp\/v2\/pages\/161\/revisions"}],"predecessor-version":[{"id":1325,"href":"https:\/\/ericberidon.com\/index.php\/wp-json\/wp\/v2\/pages\/161\/revisions\/1325"}],"wp:attachment":[{"href":"https:\/\/ericberidon.com\/index.php\/wp-json\/wp\/v2\/media?parent=161"}],"curies":[{"name":"wp","href":"https:\/\/api.w.org\/{rel}","templated":true}]}}